{"id":2208,"date":"2022-09-01T15:00:23","date_gmt":"2022-09-01T15:00:23","guid":{"rendered":"https:\/\/gavino.qodeinteractive.com\/?page_id=2208"},"modified":"2025-07-25T20:47:37","modified_gmt":"2025-07-25T18:47:37","slug":"a-propos","status":"publish","type":"page","link":"https:\/\/merka-journal.com\/index.php\/a-propos\/","title":{"rendered":"\u00c0 propos"},"content":{"rendered":"\t\t<div data-elementor-type=\"wp-page\" data-elementor-id=\"2208\" class=\"elementor elementor-2208\">\n\t\t\t\t\t\t<section class=\"elementor-section elementor-top-section elementor-element elementor-element-b997c82 elementor-section-full_width elementor-section-stretched elementor-reverse-tablet elementor-reverse-mobile elementor-section-height-default elementor-section-height-default qodef-elementor-content-no\" data-id=\"b997c82\" data-element_type=\"section\" data-settings=\"{&quot;stretch_section&quot;:&quot;section-stretched&quot;,&quot;background_background&quot;:&quot;gradient&quot;}\">\n\t\t\t\t\t\t<div class=\"elementor-container elementor-column-gap-default\">\n\t\t\t\t\t<div class=\"elementor-column elementor-col-50 elementor-top-column elementor-element elementor-element-9cee30d qodef-sticky-column--no\" data-id=\"9cee30d\" data-element_type=\"column\">\n\t\t\t<div class=\"elementor-widget-wrap elementor-element-populated\">\n\t\t\t\t\t\t<div class=\"elementor-element elementor-element-5767556 elementor-widget elementor-widget-text-editor\" data-id=\"5767556\" data-element_type=\"widget\" data-widget_type=\"text-editor.default\">\n\t\t\t\t\t\t\t\t\t<div class=\"qodef-custom-info-box-holder\"><div class=\"qodef-top-holder\"><p data-start=\"204\" data-end=\"410\">Arri\u00e8re-petite-fille de l\u2019inventeur du cartonnage, j\u2019ai grandi dans un univers fa\u00e7onn\u00e9 par des mains patientes, o\u00f9 chaque objet \u00e9tait pens\u00e9 pour durer et raconter une histoire.\u00a0<br \/><br \/>Mon hypersensibilit\u00e9. On m\u2019a longtemps dit que c\u2019\u00e9tait trop, que \u00e7a d\u00e9bordait, que \u00e7a pesait. Aujourd\u2019hui, j\u2019y vois un instrument. Elle me fait percevoir ce que d\u2019autres laissent filer. Ce qui semblait fragile est devenu une force, un radar esth\u00e9tique. C\u2019est elle qui me pousse \u00e0 \u00e9crire chaque campagne comme un r\u00e9cit, \u00e0 chercher la nuance plut\u00f4t que l\u2019effet, \u00e0 attraper la beaut\u00e9 au moment pr\u00e9cis o\u00f9 elle risque de dispara\u00eetre.<br \/><br \/>Aujourd\u2019hui, je dirige une agence de communication, mais c\u2019est encore cette enfant qui guide ma main\u202f: curieuse, attentive, obs\u00e9d\u00e9e par la beaut\u00e9 et les mod\u00e8les, hommes, femmes, figures d\u2019inspiration. J\u2019\u00e9cris, je photographie, je construis des images qui, je l\u2019esp\u00e8re, ne se consomment pas mais s\u2019habitent, comme des lieux ou des souvenirs.<\/p><\/div><\/div>\t\t\t\t\t\t\t\t<\/div>\n\t\t\t\t<div class=\"elementor-element elementor-element-0442771 elementor-widget elementor-widget-text-editor\" data-id=\"0442771\" data-element_type=\"widget\" data-widget_type=\"text-editor.default\">\n\t\t\t\t\t\t\t\t\t<p><span style=\"color: #141414; font-size: 29px; font-weight: 600; letter-spacing: -0.015em;\">Contact<\/span><\/p><p>Pauline Gayat<br \/>creative@paulinegayat.com<\/p>\t\t\t\t\t\t\t\t<\/div>\n\t\t\t\t\t<\/div>\n\t\t<\/div>\n\t\t\t\t<div class=\"elementor-column elementor-col-50 elementor-top-column elementor-element elementor-element-c3d303d qodef-sticky-column--yes\" data-id=\"c3d303d\" data-element_type=\"column\">\n\t\t\t<div class=\"elementor-widget-wrap elementor-element-populated\">\n\t\t\t\t\t\t<div class=\"elementor-element elementor-element-8650a1d elementor-widget elementor-widget-gavino_core_single_image\" data-id=\"8650a1d\" data-element_type=\"widget\" data-widget_type=\"gavino_core_single_image.default\">\n\t\t\t\t<div class=\"elementor-widget-container\">\n\t\t\t\t\t<div class=\"qodef-shortcode qodef-m qodef-single-image qodef-layout--default qodef-alignment--left\">\n\t\t\t<div class=\"qodef-m-image\">\n\t\t\t\t\t\t\t\t<img fetchpriority=\"high\" decoding=\"async\" width=\"800\" height=\"800\" src=\"https:\/\/merka-journal.com\/wp-content\/uploads\/2025\/07\/1713444178063.webp\" class=\"attachment-full size-full\" alt=\"\" srcset=\"https:\/\/merka-journal.com\/wp-content\/uploads\/2025\/07\/1713444178063.webp 800w, https:\/\/merka-journal.com\/wp-content\/uploads\/2025\/07\/1713444178063-300x300.webp 300w, https:\/\/merka-journal.com\/wp-content\/uploads\/2025\/07\/1713444178063-150x150.webp 150w, https:\/\/merka-journal.com\/wp-content\/uploads\/2025\/07\/1713444178063-768x768.webp 768w, https:\/\/merka-journal.com\/wp-content\/uploads\/2025\/07\/1713444178063-650x650.webp 650w\" sizes=\"(max-width: 800px) 100vw, 800px\" \/>\t\t\t\t\t\t\t<\/div>\n\t<\/div>\n\t\t\t\t<\/div>\n\t\t\t\t<\/div>\n\t\t\t\t\t<\/div>\n\t\t<\/div>\n\t\t\t\t\t<\/div>\n\t\t<\/section>\n\t\t\t\t<\/div>\n\t\t","protected":false},"excerpt":{"rendered":"<p>Arri\u00e8re-petite-fille de l\u2019inventeur du cartonnage, j\u2019ai grandi dans un univers fa\u00e7onn\u00e9 par des mains patientes, o\u00f9 chaque objet \u00e9tait pens\u00e9 pour durer et raconter une histoire.\u00a0 Mon hypersensibilit\u00e9. On m\u2019a longtemps dit que c\u2019\u00e9tait trop, que \u00e7a d\u00e9bordait, que \u00e7a pesait. Aujourd\u2019hui, j\u2019y vois un instrument. Elle me fait percevoir ce que d\u2019autres laissent filer. [&hellip;]<\/p>\n","protected":false},"author":1,"featured_media":0,"parent":0,"menu_order":0,"comment_status":"closed","ping_status":"closed","template":"","meta":{"footnotes":""},"class_list":["post-2208","page","type-page","status-publish","hentry"],"_links":{"self":[{"href":"https:\/\/merka-journal.com\/index.php\/wp-json\/wp\/v2\/pages\/2208","targetHints":{"allow":["GET"]}}],"collection":[{"href":"https:\/\/merka-journal.com\/index.php\/wp-json\/wp\/v2\/pages"}],"about":[{"href":"https:\/\/merka-journal.com\/index.php\/wp-json\/wp\/v2\/types\/page"}],"author":[{"embeddable":true,"href":"https:\/\/merka-journal.com\/index.php\/wp-json\/wp\/v2\/users\/1"}],"replies":[{"embeddable":true,"href":"https:\/\/merka-journal.com\/index.php\/wp-json\/wp\/v2\/comments?post=2208"}],"version-history":[{"count":61,"href":"https:\/\/merka-journal.com\/index.php\/wp-json\/wp\/v2\/pages\/2208\/revisions"}],"predecessor-version":[{"id":9269,"href":"https:\/\/merka-journal.com\/index.php\/wp-json\/wp\/v2\/pages\/2208\/revisions\/9269"}],"wp:attachment":[{"href":"https:\/\/merka-journal.com\/index.php\/wp-json\/wp\/v2\/media?parent=2208"}],"curies":[{"name":"wp","href":"https:\/\/api.w.org\/{rel}","templated":true}]}}