{"id":3,"date":"2025-07-16T07:20:08","date_gmt":"2025-07-16T07:20:08","guid":{"rendered":"http:\/\/merka-journal.com\/?page_id=3"},"modified":"2025-09-23T08:54:03","modified_gmt":"2025-09-23T06:54:03","slug":"privacy-policy-2","status":"publish","type":"page","link":"https:\/\/merka-journal.com\/index.php\/privacy-policy-2\/","title":{"rendered":"Mentions l\u00e9gales \u2013 Merka Journal"},"content":{"rendered":"\n<h2 class=\"wp-block-heading\">\u00c9diteur du site<\/h2>\n\n\n\n<p>Le pr\u00e9sent site internet, accessible \u00e0 l\u2019adresse <a href=\"https:\/\/merka-journal.com\/\">https:\/\/merka-journal.com\/<\/a>, est \u00e9dit\u00e9 par :<\/p>\n\n\n\n<p><strong>Pauline Gayat<\/strong><br>78 avenue des Champs-\u00c9lys\u00e9es<br>75008 Paris \u2013 France<br>E-mail : <a>creative@paulinegayat.com<\/a><\/p>\n\n\n\n<h2 class=\"wp-block-heading\">H\u00e9bergeur<\/h2>\n\n\n\n<p>Le site est h\u00e9berg\u00e9 par :<\/p>\n\n\n\n<p><strong>OVH<\/strong><br>2 rue Kellermann<br>59100 Roubaix \u2013 France<br>T\u00e9l\u00e9phone : 09 72 10 10 07<\/p>\n\n\n\n<h2 class=\"wp-block-heading\">Propri\u00e9t\u00e9 intellectuelle<\/h2>\n\n\n\n<p>L\u2019ensemble des contenus (textes, images, vid\u00e9os, graphismes, logo, etc.) pr\u00e9sents sur le site <em>Merka<\/em> est prot\u00e9g\u00e9 par le droit d\u2019auteur et la l\u00e9gislation en vigueur sur la propri\u00e9t\u00e9 intellectuelle.<br>Toute reproduction, repr\u00e9sentation, modification ou utilisation, totale ou partielle, sans autorisation \u00e9crite pr\u00e9alable de l\u2019\u00e9diteur est strictement interdite.<\/p>\n\n\n\n<p>Les images et visuels de marques, utilis\u00e9s dans le cadre de ce blog \u00e0 titre informatif, appartiennent exclusivement \u00e0 leurs d\u00e9tenteurs respectifs. Ils sont mentionn\u00e9s ou cr\u00e9dit\u00e9s lorsque cela est possible. Si une marque ou un ayant droit souhaite la suppression ou la modification d\u2019un visuel, il peut en faire la demande \u00e0 l\u2019adresse suivante : <a>creative@paulinegayat.com<\/a>.<\/p>\n\n\n\n<h2 class=\"wp-block-heading\">Donn\u00e9es personnelles<\/h2>\n\n\n\n<p>Le site <em>Merka<\/em> ne collecte pas de donn\u00e9es personnelles sans le consentement de l\u2019utilisateur.<br>Conform\u00e9ment \u00e0 la loi \u00ab Informatique et Libert\u00e9s \u00bb et au R\u00e8glement G\u00e9n\u00e9ral sur la Protection des Donn\u00e9es (RGPD), vous disposez d\u2019un droit d\u2019acc\u00e8s, de rectification et de suppression de vos donn\u00e9es en \u00e9crivant \u00e0 : <a>creative@paulinegayat.com<\/a>.<\/p>\n\n\n\n<h2 class=\"wp-block-heading\">Responsabilit\u00e9<\/h2>\n\n\n\n<p>L\u2019\u00e9diteur du site s\u2019efforce de fournir des informations exactes et mises \u00e0 jour, mais ne saurait \u00eatre tenu responsable des erreurs ou omissions \u00e9ventuelles.<br>Le site peut contenir des liens hypertextes vers d\u2019autres sites. L\u2019\u00e9diteur d\u00e9cline toute responsabilit\u00e9 quant aux contenus de ces sites tiers.<\/p>\n","protected":false},"excerpt":{"rendered":"<p>\u00c9diteur du site Le pr\u00e9sent site internet, accessible \u00e0 l\u2019adresse https:\/\/merka-journal.com\/, est \u00e9dit\u00e9 par : Pauline Gayat78 avenue des Champs-\u00c9lys\u00e9es75008 Paris \u2013 FranceE-mail : creative@paulinegayat.com H\u00e9bergeur Le site est h\u00e9berg\u00e9 par : OVH2 rue Kellermann59100 Roubaix \u2013 FranceT\u00e9l\u00e9phone : 09 72 10 10 07 Propri\u00e9t\u00e9 intellectuelle L\u2019ensemble des contenus (textes, images, vid\u00e9os, graphismes, logo, etc.) [&hellip;]<\/p>\n","protected":false},"author":1,"featured_media":0,"parent":0,"menu_order":0,"comment_status":"closed","ping_status":"open","template":"","meta":{"footnotes":""},"class_list":["post-3","page","type-page","status-publish","hentry"],"_links":{"self":[{"href":"https:\/\/merka-journal.com\/index.php\/wp-json\/wp\/v2\/pages\/3","targetHints":{"allow":["GET"]}}],"collection":[{"href":"https:\/\/merka-journal.com\/index.php\/wp-json\/wp\/v2\/pages"}],"about":[{"href":"https:\/\/merka-journal.com\/index.php\/wp-json\/wp\/v2\/types\/page"}],"author":[{"embeddable":true,"href":"https:\/\/merka-journal.com\/index.php\/wp-json\/wp\/v2\/users\/1"}],"replies":[{"embeddable":true,"href":"https:\/\/merka-journal.com\/index.php\/wp-json\/wp\/v2\/comments?post=3"}],"version-history":[{"count":2,"href":"https:\/\/merka-journal.com\/index.php\/wp-json\/wp\/v2\/pages\/3\/revisions"}],"predecessor-version":[{"id":10448,"href":"https:\/\/merka-journal.com\/index.php\/wp-json\/wp\/v2\/pages\/3\/revisions\/10448"}],"wp:attachment":[{"href":"https:\/\/merka-journal.com\/index.php\/wp-json\/wp\/v2\/media?parent=3"}],"curies":[{"name":"wp","href":"https:\/\/api.w.org\/{rel}","templated":true}]}}