{"id":7076,"date":"2022-05-27T12:23:24","date_gmt":"2022-05-27T12:23:24","guid":{"rendered":"https:\/\/gavino.qodeinteractive.com\/?page_id=3"},"modified":"2025-09-23T08:57:17","modified_gmt":"2025-09-23T06:57:17","slug":"privacy-policy","status":"publish","type":"page","link":"https:\/\/merka-journal.com\/index.php\/privacy-policy\/","title":{"rendered":"Politique de confidentialit\u00e9 \u2013 Merka Journal"},"content":{"rendered":"\n<h5 class=\"wp-block-heading\">Chez <strong>Merka Journal<\/strong>, nous croyons que l\u2019intimit\u00e9 est un luxe, et la v\u00f4tre m\u00e9rite une attention particuli\u00e8re. Cette politique de confidentialit\u00e9 explique comment nous recueillons, utilisons et prot\u00e9geons vos informations personnelles lorsque vous explorez nos contenus ou vous abonnez \u00e0 notre newsletter.<\/h5>\n\n\n\n<hr class=\"wp-block-separator has-alpha-channel-opacity\"\/>\n\n\n\n<h1 class=\"wp-block-heading\">Politique de Confidentialit\u00e9<\/h1>\n\n\n\n<h2 class=\"wp-block-heading\">Collecte des donn\u00e9es<\/h2>\n\n\n\n<p>Le site <em>Merka<\/em> respecte la vie priv\u00e9e de ses utilisateurs.<br>Aucune donn\u00e9e personnelle n\u2019est collect\u00e9e automatiquement lors de la navigation, en dehors des cookies techniques n\u00e9cessaires au bon fonctionnement du site.<\/p>\n\n\n\n<p>Si vous nous contactez par e-mail (<a>creative@paulinegayat.com<\/a>), votre adresse et votre message ne sont utilis\u00e9s qu\u2019afin de r\u00e9pondre \u00e0 votre demande et ne sont jamais c\u00e9d\u00e9s \u00e0 des tiers.<\/p>\n\n\n\n<h2 class=\"wp-block-heading\">Cookies<\/h2>\n\n\n\n<p>Le site peut utiliser des cookies afin de :<\/p>\n\n\n\n<ul class=\"wp-block-list\">\n<li>am\u00e9liorer l\u2019exp\u00e9rience de navigation,<\/li>\n\n\n\n<li>mesurer la fr\u00e9quentation du site de mani\u00e8re anonyme (statistiques).<\/li>\n<\/ul>\n\n\n\n<p>Vous pouvez \u00e0 tout moment d\u00e9sactiver les cookies dans les param\u00e8tres de votre navigateur.<\/p>\n\n\n\n<h2 class=\"wp-block-heading\">Donn\u00e9es personnelles<\/h2>\n\n\n\n<p>Conform\u00e9ment au R\u00e8glement G\u00e9n\u00e9ral sur la Protection des Donn\u00e9es (RGPD) et \u00e0 la loi \u00ab Informatique et Libert\u00e9s \u00bb, vous disposez d\u2019un droit d\u2019acc\u00e8s, de rectification et de suppression de vos donn\u00e9es personnelles.<\/p>\n\n\n\n<p>Pour exercer ces droits, il vous suffit de nous contacter \u00e0 l\u2019adresse suivante : <a>creative@paulinegayat.com<\/a>.<\/p>\n\n\n\n<h2 class=\"wp-block-heading\">Dur\u00e9e de conservation<\/h2>\n\n\n\n<p>Les donn\u00e9es transmises volontairement (ex. via e-mail) sont conserv\u00e9es uniquement le temps n\u00e9cessaire au traitement de la demande.<\/p>\n\n\n\n<h2 class=\"wp-block-heading\">S\u00e9curit\u00e9<\/h2>\n\n\n\n<p>Nous mettons en \u0153uvre les mesures n\u00e9cessaires pour assurer la s\u00e9curit\u00e9 et la confidentialit\u00e9 de vos donn\u00e9es.<\/p>\n","protected":false},"excerpt":{"rendered":"<p>Chez Merka Journal, nous croyons que l\u2019intimit\u00e9 est un luxe, et la v\u00f4tre m\u00e9rite une attention particuli\u00e8re. Cette politique de confidentialit\u00e9 explique comment nous recueillons, utilisons et prot\u00e9geons vos informations personnelles lorsque vous explorez nos contenus ou vous abonnez \u00e0 notre newsletter. Politique de Confidentialit\u00e9 Collecte des donn\u00e9es Le site Merka respecte la vie priv\u00e9e [&hellip;]<\/p>\n","protected":false},"author":1,"featured_media":0,"parent":0,"menu_order":0,"comment_status":"closed","ping_status":"open","template":"","meta":{"footnotes":""},"class_list":["post-7076","page","type-page","status-publish","hentry"],"_links":{"self":[{"href":"https:\/\/merka-journal.com\/index.php\/wp-json\/wp\/v2\/pages\/7076","targetHints":{"allow":["GET"]}}],"collection":[{"href":"https:\/\/merka-journal.com\/index.php\/wp-json\/wp\/v2\/pages"}],"about":[{"href":"https:\/\/merka-journal.com\/index.php\/wp-json\/wp\/v2\/types\/page"}],"author":[{"embeddable":true,"href":"https:\/\/merka-journal.com\/index.php\/wp-json\/wp\/v2\/users\/1"}],"replies":[{"embeddable":true,"href":"https:\/\/merka-journal.com\/index.php\/wp-json\/wp\/v2\/comments?post=7076"}],"version-history":[{"count":2,"href":"https:\/\/merka-journal.com\/index.php\/wp-json\/wp\/v2\/pages\/7076\/revisions"}],"predecessor-version":[{"id":10450,"href":"https:\/\/merka-journal.com\/index.php\/wp-json\/wp\/v2\/pages\/7076\/revisions\/10450"}],"wp:attachment":[{"href":"https:\/\/merka-journal.com\/index.php\/wp-json\/wp\/v2\/media?parent=7076"}],"curies":[{"name":"wp","href":"https:\/\/api.w.org\/{rel}","templated":true}]}}