{"id":7192,"date":"2025-07-18T12:04:35","date_gmt":"2025-07-18T12:04:35","guid":{"rendered":"http:\/\/merka-journal.com\/?page_id=7192"},"modified":"2025-09-21T14:41:40","modified_gmt":"2025-09-21T12:41:40","slug":"beaute","status":"publish","type":"page","link":"https:\/\/merka-journal.com\/index.php\/beaute\/","title":{"rendered":"Beaut\u00e9"},"content":{"rendered":"\t\t<div data-elementor-type=\"wp-page\" data-elementor-id=\"7192\" class=\"elementor elementor-7192\">\n\t\t\t\t\t\t<section class=\"elementor-section elementor-top-section elementor-element elementor-element-5bae1b0 elementor-section-full_width elementor-section-height-default elementor-section-height-default qodef-elementor-content-no\" data-id=\"5bae1b0\" data-element_type=\"section\">\n\t\t\t\t\t\t<div class=\"elementor-container elementor-column-gap-default\">\n\t\t\t\t\t<div class=\"elementor-column elementor-col-100 elementor-top-column elementor-element elementor-element-6731afc\" data-id=\"6731afc\" data-element_type=\"column\">\n\t\t\t<div class=\"elementor-widget-wrap elementor-element-populated\">\n\t\t\t\t\t\t<div class=\"elementor-element elementor-element-6b2418a elementor-widget elementor-widget-gavino_core_custom_font\" data-id=\"6b2418a\" data-element_type=\"widget\" data-widget_type=\"gavino_core_custom_font.default\">\n\t\t\t\t<div class=\"elementor-widget-container\">\n\t\t\t\t\t<div class=\"qodef-shortcode qodef-m qodef-custom-font qodef-alignment--center\">\n            <span class=\"qodef-e-lable\" >La Beaut\u00e9<\/span>\n        <h3 class=\"qodef-e-title qodef-custom-font-84 qodef-layout--simple qodef-increase-italic-words--enabled\" style=\"font-style: normal;text-transform: initial\"><span class=\"qodef-m-italic\"><span class=\"qodef-m-regular-style\">Avec<\/span><span class=\"qodef-m-italic-style\">Avec<\/span><\/span> BEAUT\u00c9, Merka esquisse une nouvelle grammaire du soin : simple, exigeante, <span class=\"qodef-m-italic\"><span class=\"qodef-m-regular-style\">consciente.<\/span><span class=\"qodef-m-italic-style\">consciente.<\/span><\/span> <span class=\"qodef-m-italic\"><span class=\"qodef-m-regular-style\">Produits<\/span><span class=\"qodef-m-italic-style\">Produits<\/span><\/span> cultes, d\u00e9couvertes <span class=\"qodef-m-italic\"><span class=\"qodef-m-regular-style\">rares<\/span><span class=\"qodef-m-italic-style\">rares<\/span><\/span> et approches holistiques dessinent une esth\u00e9tique \u00e0 la fois intime et universelle.<\/h3>\n<\/div>\n\t\t\t\t<\/div>\n\t\t\t\t<\/div>\n\t\t\t\t\t<\/div>\n\t\t<\/div>\n\t\t\t\t\t<\/div>\n\t\t<\/section>\n\t\t\t\t<section class=\"elementor-section elementor-top-section elementor-element elementor-element-b071cd6 elementor-section-full_width elementor-section-height-default elementor-section-height-default qodef-elementor-content-no\" data-id=\"b071cd6\" data-element_type=\"section\">\n\t\t\t\t\t\t<div class=\"elementor-container elementor-column-gap-default\">\n\t\t\t\t\t<div class=\"elementor-column elementor-col-100 elementor-top-column elementor-element elementor-element-ebe6006\" data-id=\"ebe6006\" data-element_type=\"column\">\n\t\t\t<div class=\"elementor-widget-wrap elementor-element-populated\">\n\t\t\t\t\t\t<div class=\"elementor-element elementor-element-9b83698 elementor-widget elementor-widget-gavino_core_blog_list\" data-id=\"9b83698\" data-element_type=\"widget\" data-widget_type=\"gavino_core_blog_list.default\">\n\t\t\t\t<div class=\"elementor-widget-container\">\n\t\t\t\t\t<div class=\"qodef-shortcode qodef-m qodef-blog qodef--disable-margin-bottom qodef-item-layout--classic qodef-hover--zoom qodef-top-info-centered--yes qodef-order-by-filter--no qodef-grid qodef-layout--columns qodef-gutter--discreet qodef-col-num--4 qodef-item-layout--classic qodef-pagination--on qodef-pagination-type--load-more qodef-responsive--custom qodef-col-num--1440--3 qodef-col-num--1366--3 qodef-col-num--1024--3 qodef-col-num--768--1 qodef-col-num--680--1 qodef-col-num--480--1 qodef-swiper-pagination--on\" data-options=\"{&quot;plugin&quot;:&quot;gavino_core&quot;,&quot;module&quot;:&quot;blog\\\/shortcodes&quot;,&quot;shortcode&quot;:&quot;blog-list&quot;,&quot;post_type&quot;:&quot;post&quot;,&quot;next_page&quot;:&quot;2&quot;,&quot;max_pages_num&quot;:1,&quot;enable_top_info&quot;:&quot;no&quot;,&quot;top_info_title&quot;:&quot;As Featured In&quot;,&quot;top_info_more_text&quot;:&quot;All Stories&quot;,&quot;top_info_more_target&quot;:&quot;_self&quot;,&quot;top_info_centered&quot;:&quot;yes&quot;,&quot;behavior&quot;:&quot;columns&quot;,&quot;images_proportion&quot;:&quot;full&quot;,&quot;columns&quot;:&quot;4&quot;,&quot;columns_responsive&quot;:&quot;custom&quot;,&quot;columns_1440&quot;:&quot;3&quot;,&quot;columns_1366&quot;:&quot;3&quot;,&quot;columns_1024&quot;:&quot;3&quot;,&quot;columns_768&quot;:&quot;1&quot;,&quot;columns_680&quot;:&quot;1&quot;,&quot;columns_480&quot;:&quot;1&quot;,&quot;space&quot;:&quot;discreet&quot;,&quot;posts_per_page&quot;:&quot;40&quot;,&quot;orderby&quot;:&quot;date&quot;,&quot;order&quot;:&quot;ASC&quot;,&quot;additional_params&quot;:&quot;tax&quot;,&quot;tax&quot;:&quot;category&quot;,&quot;tax_slug&quot;:&quot;beaut\\u00e9&quot;,&quot;layout&quot;:&quot;classic&quot;,&quot;title_tag&quot;:&quot;h5&quot;,&quot;text_transform&quot;:&quot;none&quot;,&quot;hover_type&quot;:&quot;zoom&quot;,&quot;disable_bottom_info&quot;:&quot;yes&quot;,&quot;show_bottom_info_share&quot;:&quot;no&quot;,&quot;hide_read_more&quot;:&quot;no&quot;,&quot;hide_date&quot;:&quot;no&quot;,&quot;hide_excerpt&quot;:&quot;yes&quot;,&quot;hide_author&quot;:&quot;no&quot;,&quot;info_bottom&quot;:&quot;no&quot;,&quot;disable_content_margin_bottom_on_smaller_screens&quot;:&quot;yes&quot;,&quot;navigation_with_text&quot;:&quot;no&quot;,&quot;pagination_type&quot;:&quot;load-more&quot;,&quot;blog_list_enable_filter_order_by&quot;:&quot;no&quot;,&quot;object_class_name&quot;:&quot;GavinoCore_Blog_List_Shortcode&quot;,&quot;taxonomy_filter&quot;:&quot;category&quot;,&quot;additional_query_args&quot;:{&quot;tax_query&quot;:[{&quot;taxonomy&quot;:&quot;category&quot;,&quot;field&quot;:&quot;slug&quot;,&quot;terms&quot;:&quot;beaut\\u00e9&quot;}]},&quot;top_info_styles&quot;:[],&quot;slider_line_styles&quot;:[],&quot;slider_navigation_styles&quot;:[],&quot;space_value&quot;:2.5}\">\n\n    <div class=\"qodef-filters-holder\">\n            <\/div>\n    \t<div class=\"qodef-grid-inner clear\">\n\t\t<article class=\"qodef-e qodef-blog-item qodef-grid-item qodef-item--full post-9569 post type-post status-publish format-standard has-post-thumbnail hentry category-beaute tag-cheveux-brillants-sans-frisottis tag-coelho-beauty tag-coiffants-clean-beauty tag-soins-capillaires-clean tag-soins-professionnels-cheveux\">\n\t<div class=\"qodef-e-inner\" >\n\t\t<div class=\"qodef-e-media\">\n    \t<div class=\"qodef-e-media-image\">\n\t\t<a itemprop=\"url\" href=\"https:\/\/merka-journal.com\/index.php\/2025\/09\/19\/lart-du-cheveu-vivant-selon-coelho-beauty\/\">\n\t\t\t<img fetchpriority=\"high\" decoding=\"async\" width=\"1200\" height=\"1200\" src=\"https:\/\/merka-journal.com\/wp-content\/uploads\/2025\/09\/box-ELLE-pensee-comme-un-kit-de-premiers-secours-pour-rentree-27.png\" class=\"attachment-full size-full\" alt=\"\" srcset=\"https:\/\/merka-journal.com\/wp-content\/uploads\/2025\/09\/box-ELLE-pensee-comme-un-kit-de-premiers-secours-pour-rentree-27.png 1200w, https:\/\/merka-journal.com\/wp-content\/uploads\/2025\/09\/box-ELLE-pensee-comme-un-kit-de-premiers-secours-pour-rentree-27-300x300.png 300w, https:\/\/merka-journal.com\/wp-content\/uploads\/2025\/09\/box-ELLE-pensee-comme-un-kit-de-premiers-secours-pour-rentree-27-1024x1024.png 1024w, https:\/\/merka-journal.com\/wp-content\/uploads\/2025\/09\/box-ELLE-pensee-comme-un-kit-de-premiers-secours-pour-rentree-27-150x150.png 150w, https:\/\/merka-journal.com\/wp-content\/uploads\/2025\/09\/box-ELLE-pensee-comme-un-kit-de-premiers-secours-pour-rentree-27-768x768.png 768w, https:\/\/merka-journal.com\/wp-content\/uploads\/2025\/09\/box-ELLE-pensee-comme-un-kit-de-premiers-secours-pour-rentree-27-650x650.png 650w\" sizes=\"(max-width: 1200px) 100vw, 1200px\" \/>\t\t<\/a>\n\t<\/div>\n<\/div>\n\t\t<div class=\"qodef-e-content\">\n\t\t\t<div class=\"qodef-e-top-holder\">\n\t\t\t\t<div class=\"qodef-e-info\">\n\t\t\t\t\t<a itemprop=\"dateCreated\" href=\"https:\/\/merka-journal.com\/index.php\/2025\/09\/\" class=\"entry-date \">\n\t19\/09\/2025<\/a><div class=\"qodef-info-separator-end\"><\/div>\n<a href=\"https:\/\/merka-journal.com\/index.php\/category\/beaute\/\" rel=\"tag\">Beaut\u00e9<\/a><div class=\"qodef-info-separator-end\"><\/div>\t\t\t\t<\/div>\n\t\t\t<\/div>\n\t\t\t<div class=\"qodef-e-text\">\n\t\t\t\t<h5 itemprop=\"name\" class=\"qodef-e-title entry-title\" style=\"text-transform: none\">\n\t<a itemprop=\"url\" class=\"qodef-e-title-link\" href=\"https:\/\/merka-journal.com\/index.php\/2025\/09\/19\/lart-du-cheveu-vivant-selon-coelho-beauty\/\">\n        L\u2019art <span class=\"qodef-m-italic\"><span class=\"qodef-m-regular-style\">du<\/span><span class=\"qodef-m-italic-style\" style=\"text-transform: lowercase\">du<\/span><\/span> cheveu vivant, selon Coelho Beauty\t<\/a>\n<\/h5>\n\t\t\t<\/div>\n\t\t<\/div>\n\t<\/div>\n<\/article>\n\t<\/div>\n\t<\/div>\n\t\t\t\t<\/div>\n\t\t\t\t<\/div>\n\t\t\t\t\t<\/div>\n\t\t<\/div>\n\t\t\t\t\t<\/div>\n\t\t<\/section>\n\t\t\t\t<\/div>\n\t\t","protected":false},"excerpt":{"rendered":"<p>La Beaut\u00e9 AvecAvec BEAUT\u00c9, Merka esquisse une nouvelle grammaire du soin : simple, exigeante, consciente.consciente. ProduitsProduits cultes, d\u00e9couvertes raresrares et approches holistiques dessinent une esth\u00e9tique \u00e0 la fois intime et universelle. 19\/09\/2025 Beaut\u00e9 ROWSE x TheThe TwentyFour Six : la collab\u2019 beaut\u00e9 et design qui signe la rentr\u00e9e 19\/09\/2025 Beaut\u00e9 Ghd d\u00e9voiled\u00e9voile son nouveau triple [&hellip;]<\/p>\n","protected":false},"author":1,"featured_media":0,"parent":0,"menu_order":0,"comment_status":"closed","ping_status":"closed","template":"page-full-width.php","meta":{"footnotes":""},"class_list":["post-7192","page","type-page","status-publish","hentry"],"_links":{"self":[{"href":"https:\/\/merka-journal.com\/index.php\/wp-json\/wp\/v2\/pages\/7192","targetHints":{"allow":["GET"]}}],"collection":[{"href":"https:\/\/merka-journal.com\/index.php\/wp-json\/wp\/v2\/pages"}],"about":[{"href":"https:\/\/merka-journal.com\/index.php\/wp-json\/wp\/v2\/types\/page"}],"author":[{"embeddable":true,"href":"https:\/\/merka-journal.com\/index.php\/wp-json\/wp\/v2\/users\/1"}],"replies":[{"embeddable":true,"href":"https:\/\/merka-journal.com\/index.php\/wp-json\/wp\/v2\/comments?post=7192"}],"version-history":[{"count":62,"href":"https:\/\/merka-journal.com\/index.php\/wp-json\/wp\/v2\/pages\/7192\/revisions"}],"predecessor-version":[{"id":10172,"href":"https:\/\/merka-journal.com\/index.php\/wp-json\/wp\/v2\/pages\/7192\/revisions\/10172"}],"wp:attachment":[{"href":"https:\/\/merka-journal.com\/index.php\/wp-json\/wp\/v2\/media?parent=7192"}],"curies":[{"name":"wp","href":"https:\/\/api.w.org\/{rel}","templated":true}]}}