{"id":7234,"date":"2025-07-19T07:49:46","date_gmt":"2025-07-19T07:49:46","guid":{"rendered":"http:\/\/merka-journal.com\/?page_id=7234"},"modified":"2025-09-21T14:43:10","modified_gmt":"2025-09-21T12:43:10","slug":"boire-manger","status":"publish","type":"page","link":"https:\/\/merka-journal.com\/index.php\/boire-manger\/","title":{"rendered":"Boire et manger"},"content":{"rendered":"\t\t<div data-elementor-type=\"wp-page\" data-elementor-id=\"7234\" class=\"elementor elementor-7234\">\n\t\t\t\t\t\t<section class=\"elementor-section elementor-top-section elementor-element elementor-element-a2c95d6 elementor-section-full_width elementor-section-height-default elementor-section-height-default qodef-elementor-content-no\" data-id=\"a2c95d6\" data-element_type=\"section\">\n\t\t\t\t\t\t<div class=\"elementor-container elementor-column-gap-default\">\n\t\t\t\t\t<div class=\"elementor-column elementor-col-100 elementor-top-column elementor-element elementor-element-8d28379\" data-id=\"8d28379\" data-element_type=\"column\">\n\t\t\t<div class=\"elementor-widget-wrap elementor-element-populated\">\n\t\t\t\t\t\t<div class=\"elementor-element elementor-element-0653f65 elementor-widget elementor-widget-gavino_core_custom_font\" data-id=\"0653f65\" data-element_type=\"widget\" data-widget_type=\"gavino_core_custom_font.default\">\n\t\t\t\t<div class=\"elementor-widget-container\">\n\t\t\t\t\t<div class=\"qodef-shortcode qodef-m qodef-custom-font qodef-alignment--center\">\n            <span class=\"qodef-e-lable\" >Boire et manger<\/span>\n        <h3 class=\"qodef-e-title qodef-custom-font-212 qodef-layout--simple qodef-increase-italic-words--enabled\" style=\"font-style: normal;text-transform: initial\"><span class=\"qodef-m-italic\"><span class=\"qodef-m-regular-style\">Dans<\/span><span class=\"qodef-m-italic-style\">Dans<\/span><\/span> BOIRE &amp; MANGER \u00c0 PARIS, Merka invite \u00e0 savourer la ville <span class=\"qodef-m-italic\"><span class=\"qodef-m-regular-style\">autrement.<\/span><span class=\"qodef-m-italic-style\">autrement.<\/span><\/span> <span class=\"qodef-m-italic\"><span class=\"qodef-m-regular-style\">Caf\u00e9s,<\/span><span class=\"qodef-m-italic-style\">Caf\u00e9s,<\/span><\/span> bars, restaurants <span class=\"qodef-m-italic\"><span class=\"qodef-m-regular-style\">et<\/span><span class=\"qodef-m-italic-style\">et<\/span><\/span> banquets deviennent des sc\u00e8nes vivantes o\u00f9 se racontent le go\u00fbt, la convivialit\u00e9 et l\u2019\u00e9l\u00e9gance parisienne.<\/h3>\n<\/div>\n\t\t\t\t<\/div>\n\t\t\t\t<\/div>\n\t\t\t\t\t<\/div>\n\t\t<\/div>\n\t\t\t\t\t<\/div>\n\t\t<\/section>\n\t\t\t\t<section class=\"elementor-section elementor-top-section elementor-element elementor-element-29a6ed9 elementor-section-full_width elementor-section-height-default elementor-section-height-default qodef-elementor-content-no\" data-id=\"29a6ed9\" data-element_type=\"section\">\n\t\t\t\t\t\t<div class=\"elementor-container elementor-column-gap-default\">\n\t\t\t\t\t<div class=\"elementor-column elementor-col-100 elementor-top-column elementor-element elementor-element-580128d\" data-id=\"580128d\" data-element_type=\"column\">\n\t\t\t<div class=\"elementor-widget-wrap elementor-element-populated\">\n\t\t\t\t\t\t<div class=\"elementor-element elementor-element-f3d9190 elementor-widget elementor-widget-gavino_core_blog_list\" data-id=\"f3d9190\" data-element_type=\"widget\" data-widget_type=\"gavino_core_blog_list.default\">\n\t\t\t\t<div class=\"elementor-widget-container\">\n\t\t\t\t\t<div class=\"qodef-shortcode qodef-m qodef-blog qodef--disable-margin-bottom qodef-item-layout--classic qodef-hover--zoom qodef-top-info-centered--yes qodef-order-by-filter--no qodef-grid qodef-layout--columns qodef-gutter--discreet qodef-col-num--4 qodef-item-layout--classic qodef-pagination--on qodef-pagination-type--load-more qodef-responsive--custom qodef-col-num--1440--3 qodef-col-num--1366--3 qodef-col-num--1024--3 qodef-col-num--768--1 qodef-col-num--680--1 qodef-col-num--480--1 qodef-swiper-pagination--on\" data-options=\"{&quot;plugin&quot;:&quot;gavino_core&quot;,&quot;module&quot;:&quot;blog\\\/shortcodes&quot;,&quot;shortcode&quot;:&quot;blog-list&quot;,&quot;post_type&quot;:&quot;post&quot;,&quot;next_page&quot;:&quot;2&quot;,&quot;max_pages_num&quot;:1,&quot;enable_top_info&quot;:&quot;no&quot;,&quot;top_info_title&quot;:&quot;As Featured In&quot;,&quot;top_info_more_text&quot;:&quot;All Stories&quot;,&quot;top_info_more_target&quot;:&quot;_self&quot;,&quot;top_info_centered&quot;:&quot;yes&quot;,&quot;behavior&quot;:&quot;columns&quot;,&quot;images_proportion&quot;:&quot;full&quot;,&quot;columns&quot;:&quot;4&quot;,&quot;columns_responsive&quot;:&quot;custom&quot;,&quot;columns_1440&quot;:&quot;3&quot;,&quot;columns_1366&quot;:&quot;3&quot;,&quot;columns_1024&quot;:&quot;3&quot;,&quot;columns_768&quot;:&quot;1&quot;,&quot;columns_680&quot;:&quot;1&quot;,&quot;columns_480&quot;:&quot;1&quot;,&quot;space&quot;:&quot;discreet&quot;,&quot;posts_per_page&quot;:&quot;40&quot;,&quot;orderby&quot;:&quot;date&quot;,&quot;order&quot;:&quot;ASC&quot;,&quot;additional_params&quot;:&quot;tax&quot;,&quot;tax&quot;:&quot;category&quot;,&quot;tax_slug&quot;:&quot;food&quot;,&quot;layout&quot;:&quot;classic&quot;,&quot;title_tag&quot;:&quot;h5&quot;,&quot;text_transform&quot;:&quot;none&quot;,&quot;hover_type&quot;:&quot;zoom&quot;,&quot;disable_bottom_info&quot;:&quot;yes&quot;,&quot;show_bottom_info_share&quot;:&quot;no&quot;,&quot;hide_read_more&quot;:&quot;no&quot;,&quot;hide_date&quot;:&quot;no&quot;,&quot;hide_excerpt&quot;:&quot;yes&quot;,&quot;hide_author&quot;:&quot;no&quot;,&quot;info_bottom&quot;:&quot;no&quot;,&quot;disable_content_margin_bottom_on_smaller_screens&quot;:&quot;yes&quot;,&quot;navigation_with_text&quot;:&quot;no&quot;,&quot;pagination_type&quot;:&quot;load-more&quot;,&quot;blog_list_enable_filter_order_by&quot;:&quot;no&quot;,&quot;object_class_name&quot;:&quot;GavinoCore_Blog_List_Shortcode&quot;,&quot;taxonomy_filter&quot;:&quot;category&quot;,&quot;additional_query_args&quot;:{&quot;tax_query&quot;:[{&quot;taxonomy&quot;:&quot;category&quot;,&quot;field&quot;:&quot;slug&quot;,&quot;terms&quot;:&quot;food&quot;}]},&quot;top_info_styles&quot;:[],&quot;slider_line_styles&quot;:[],&quot;slider_navigation_styles&quot;:[],&quot;space_value&quot;:2.5}\">\n\n    <div class=\"qodef-filters-holder\">\n            <\/div>\n    \t<div class=\"qodef-grid-inner clear\">\n\t\t<article class=\"qodef-e qodef-blog-item qodef-grid-item qodef-item--full post-9517 post type-post status-publish format-standard has-post-thumbnail hentry category-food tag-cuisineparisienne tag-cuisinevoyageuse tag-livrederecettes tag-mokohirayama tag-mokonuts tag-phaidonbooks\">\n\t<div class=\"qodef-e-inner\" >\n\t\t<div class=\"qodef-e-media\">\n    \t<div class=\"qodef-e-media-image\">\n\t\t<a itemprop=\"url\" href=\"https:\/\/merka-journal.com\/index.php\/2025\/09\/19\/de-la-table-a-lencre-moko-hirayama-et-omar-koreitem-devoilent-leur-univers\/\">\n\t\t\t<img fetchpriority=\"high\" decoding=\"async\" width=\"1200\" height=\"1200\" src=\"https:\/\/merka-journal.com\/wp-content\/uploads\/2025\/09\/box-ELLE-pensee-comme-un-kit-de-premiers-secours-pour-rentree-12.png\" class=\"attachment-full size-full\" alt=\"\" srcset=\"https:\/\/merka-journal.com\/wp-content\/uploads\/2025\/09\/box-ELLE-pensee-comme-un-kit-de-premiers-secours-pour-rentree-12.png 1200w, https:\/\/merka-journal.com\/wp-content\/uploads\/2025\/09\/box-ELLE-pensee-comme-un-kit-de-premiers-secours-pour-rentree-12-300x300.png 300w, https:\/\/merka-journal.com\/wp-content\/uploads\/2025\/09\/box-ELLE-pensee-comme-un-kit-de-premiers-secours-pour-rentree-12-1024x1024.png 1024w, https:\/\/merka-journal.com\/wp-content\/uploads\/2025\/09\/box-ELLE-pensee-comme-un-kit-de-premiers-secours-pour-rentree-12-150x150.png 150w, https:\/\/merka-journal.com\/wp-content\/uploads\/2025\/09\/box-ELLE-pensee-comme-un-kit-de-premiers-secours-pour-rentree-12-768x768.png 768w, https:\/\/merka-journal.com\/wp-content\/uploads\/2025\/09\/box-ELLE-pensee-comme-un-kit-de-premiers-secours-pour-rentree-12-650x650.png 650w\" sizes=\"(max-width: 1200px) 100vw, 1200px\" \/>\t\t<\/a>\n\t<\/div>\n<\/div>\n\t\t<div class=\"qodef-e-content\">\n\t\t\t<div class=\"qodef-e-top-holder\">\n\t\t\t\t<div class=\"qodef-e-info\">\n\t\t\t\t\t<a itemprop=\"dateCreated\" href=\"https:\/\/merka-journal.com\/index.php\/2025\/09\/\" class=\"entry-date \">\n\t19\/09\/2025<\/a><div class=\"qodef-info-separator-end\"><\/div>\n<a href=\"https:\/\/merka-journal.com\/index.php\/category\/food\/\" rel=\"tag\">Food<\/a><div class=\"qodef-info-separator-end\"><\/div>\t\t\t\t<\/div>\n\t\t\t<\/div>\n\t\t\t<div class=\"qodef-e-text\">\n\t\t\t\t<h5 itemprop=\"name\" class=\"qodef-e-title entry-title\" style=\"text-transform: none\">\n\t<a itemprop=\"url\" class=\"qodef-e-title-link\" href=\"https:\/\/merka-journal.com\/index.php\/2025\/09\/19\/de-la-table-a-lencre-moko-hirayama-et-omar-koreitem-devoilent-leur-univers\/\">\n        Mokonuts <span class=\"qodef-m-italic\"><span class=\"qodef-m-regular-style\">(11e),<\/span><span class=\"qodef-m-italic-style\" style=\"text-transform: lowercase\">(11e),<\/span><\/span> Moko Hirayama et Omar Koreitem livrent leurs secrets sur papier\t<\/a>\n<\/h5>\n\t\t\t<\/div>\n\t\t<\/div>\n\t<\/div>\n<\/article>\n<article class=\"qodef-e qodef-blog-item qodef-grid-item qodef-item--full post-9550 post type-post status-publish format-standard has-post-thumbnail hentry category-food tag-brunchnewyorkais tag-carriebradshawvibes tag-maraisparis tag-melanieserre tag-templeetchapon\">\n\t<div class=\"qodef-e-inner\" >\n\t\t<div class=\"qodef-e-media\">\n    \t<div class=\"qodef-e-media-image\">\n\t\t<a itemprop=\"url\" href=\"https:\/\/merka-journal.com\/index.php\/2025\/09\/19\/temple-chapon-lesprit-bradshaw-a-paris\/\">\n\t\t\t<img decoding=\"async\" width=\"1200\" height=\"1200\" src=\"https:\/\/merka-journal.com\/wp-content\/uploads\/2025\/09\/box-ELLE-pensee-comme-un-kit-de-premiers-secours-pour-rentree-19.png\" class=\"attachment-full size-full\" alt=\"\" srcset=\"https:\/\/merka-journal.com\/wp-content\/uploads\/2025\/09\/box-ELLE-pensee-comme-un-kit-de-premiers-secours-pour-rentree-19.png 1200w, https:\/\/merka-journal.com\/wp-content\/uploads\/2025\/09\/box-ELLE-pensee-comme-un-kit-de-premiers-secours-pour-rentree-19-300x300.png 300w, https:\/\/merka-journal.com\/wp-content\/uploads\/2025\/09\/box-ELLE-pensee-comme-un-kit-de-premiers-secours-pour-rentree-19-1024x1024.png 1024w, https:\/\/merka-journal.com\/wp-content\/uploads\/2025\/09\/box-ELLE-pensee-comme-un-kit-de-premiers-secours-pour-rentree-19-150x150.png 150w, https:\/\/merka-journal.com\/wp-content\/uploads\/2025\/09\/box-ELLE-pensee-comme-un-kit-de-premiers-secours-pour-rentree-19-768x768.png 768w, https:\/\/merka-journal.com\/wp-content\/uploads\/2025\/09\/box-ELLE-pensee-comme-un-kit-de-premiers-secours-pour-rentree-19-650x650.png 650w\" sizes=\"(max-width: 1200px) 100vw, 1200px\" \/>\t\t<\/a>\n\t<\/div>\n<\/div>\n\t\t<div class=\"qodef-e-content\">\n\t\t\t<div class=\"qodef-e-top-holder\">\n\t\t\t\t<div class=\"qodef-e-info\">\n\t\t\t\t\t<a itemprop=\"dateCreated\" href=\"https:\/\/merka-journal.com\/index.php\/2025\/09\/\" class=\"entry-date \">\n\t19\/09\/2025<\/a><div class=\"qodef-info-separator-end\"><\/div>\n<a href=\"https:\/\/merka-journal.com\/index.php\/category\/food\/\" rel=\"tag\">Food<\/a><div class=\"qodef-info-separator-end\"><\/div>\t\t\t\t<\/div>\n\t\t\t<\/div>\n\t\t\t<div class=\"qodef-e-text\">\n\t\t\t\t<h5 itemprop=\"name\" class=\"qodef-e-title entry-title\" style=\"text-transform: none\">\n\t<a itemprop=\"url\" class=\"qodef-e-title-link\" href=\"https:\/\/merka-journal.com\/index.php\/2025\/09\/19\/temple-chapon-lesprit-bradshaw-a-paris\/\">\n        Temple <span class=\"qodef-m-italic\"><span class=\"qodef-m-regular-style\">&#038;<\/span><span class=\"qodef-m-italic-style\" style=\"text-transform: lowercase\">&#038;<\/span><\/span> Chapon : l\u2019esprit Bradshaw \u00e0 Paris\t<\/a>\n<\/h5>\n\t\t\t<\/div>\n\t\t<\/div>\n\t<\/div>\n<\/article>\n<article class=\"qodef-e qodef-blog-item qodef-grid-item qodef-item--full post-9559 post type-post status-publish format-standard has-post-thumbnail hentry category-food tag-scorsesemood tag-cherryparis tag-cuisineitaloamericaine tag-jazzclubvibes tag-newyorkmeetsparis\">\n\t<div class=\"qodef-e-inner\" >\n\t\t<div class=\"qodef-e-media\">\n    \t<div class=\"qodef-e-media-image\">\n\t\t<a itemprop=\"url\" href=\"https:\/\/merka-journal.com\/index.php\/2025\/09\/19\/a-paris-lesprit-italo-americain-sinvite-chez-cherry\/\">\n\t\t\t<img decoding=\"async\" width=\"1200\" height=\"1200\" src=\"https:\/\/merka-journal.com\/wp-content\/uploads\/2025\/09\/box-ELLE-pensee-comme-un-kit-de-premiers-secours-pour-rentree-25.png\" class=\"attachment-full size-full\" alt=\"\" srcset=\"https:\/\/merka-journal.com\/wp-content\/uploads\/2025\/09\/box-ELLE-pensee-comme-un-kit-de-premiers-secours-pour-rentree-25.png 1200w, https:\/\/merka-journal.com\/wp-content\/uploads\/2025\/09\/box-ELLE-pensee-comme-un-kit-de-premiers-secours-pour-rentree-25-300x300.png 300w, https:\/\/merka-journal.com\/wp-content\/uploads\/2025\/09\/box-ELLE-pensee-comme-un-kit-de-premiers-secours-pour-rentree-25-1024x1024.png 1024w, https:\/\/merka-journal.com\/wp-content\/uploads\/2025\/09\/box-ELLE-pensee-comme-un-kit-de-premiers-secours-pour-rentree-25-150x150.png 150w, https:\/\/merka-journal.com\/wp-content\/uploads\/2025\/09\/box-ELLE-pensee-comme-un-kit-de-premiers-secours-pour-rentree-25-768x768.png 768w, https:\/\/merka-journal.com\/wp-content\/uploads\/2025\/09\/box-ELLE-pensee-comme-un-kit-de-premiers-secours-pour-rentree-25-650x650.png 650w\" sizes=\"(max-width: 1200px) 100vw, 1200px\" \/>\t\t<\/a>\n\t<\/div>\n<\/div>\n\t\t<div class=\"qodef-e-content\">\n\t\t\t<div class=\"qodef-e-top-holder\">\n\t\t\t\t<div class=\"qodef-e-info\">\n\t\t\t\t\t<a itemprop=\"dateCreated\" href=\"https:\/\/merka-journal.com\/index.php\/2025\/09\/\" class=\"entry-date \">\n\t19\/09\/2025<\/a><div class=\"qodef-info-separator-end\"><\/div>\n<a href=\"https:\/\/merka-journal.com\/index.php\/category\/food\/\" rel=\"tag\">Food<\/a><div class=\"qodef-info-separator-end\"><\/div>\t\t\t\t<\/div>\n\t\t\t<\/div>\n\t\t\t<div class=\"qodef-e-text\">\n\t\t\t\t<h5 itemprop=\"name\" class=\"qodef-e-title entry-title\" style=\"text-transform: none\">\n\t<a itemprop=\"url\" class=\"qodef-e-title-link\" href=\"https:\/\/merka-journal.com\/index.php\/2025\/09\/19\/a-paris-lesprit-italo-americain-sinvite-chez-cherry\/\">\n        \u00c0 <span class=\"qodef-m-italic\"><span class=\"qodef-m-regular-style\">Paris,<\/span><span class=\"qodef-m-italic-style\" style=\"text-transform: lowercase\">Paris,<\/span><\/span> l\u2019esprit italo-am\u00e9ricain s\u2019invite chez Cherry\t<\/a>\n<\/h5>\n\t\t\t<\/div>\n\t\t<\/div>\n\t<\/div>\n<\/article>\n<article class=\"qodef-e qodef-blog-item qodef-grid-item qodef-item--full post-9604 post type-post status-publish format-standard has-post-thumbnail hentry category-food tag-le-bon-bock-montmartre tag-piano-bar-secret-montmartre tag-plus-vieux-restaurant-montmartre-paris tag-restaurant-historique-paris-18\">\n\t<div class=\"qodef-e-inner\" >\n\t\t<div class=\"qodef-e-media\">\n    \t<div class=\"qodef-e-media-image\">\n\t\t<a itemprop=\"url\" href=\"https:\/\/merka-journal.com\/index.php\/2025\/09\/20\/le-bon-bock-la-legende-gourmande-de-la-butte\/\">\n\t\t\t<img loading=\"lazy\" decoding=\"async\" width=\"1200\" height=\"1200\" src=\"https:\/\/merka-journal.com\/wp-content\/uploads\/2025\/09\/box-ELLE-pensee-comme-un-kit-de-premiers-secours-pour-rentree-39.png\" class=\"attachment-full size-full\" alt=\"\" srcset=\"https:\/\/merka-journal.com\/wp-content\/uploads\/2025\/09\/box-ELLE-pensee-comme-un-kit-de-premiers-secours-pour-rentree-39.png 1200w, https:\/\/merka-journal.com\/wp-content\/uploads\/2025\/09\/box-ELLE-pensee-comme-un-kit-de-premiers-secours-pour-rentree-39-300x300.png 300w, https:\/\/merka-journal.com\/wp-content\/uploads\/2025\/09\/box-ELLE-pensee-comme-un-kit-de-premiers-secours-pour-rentree-39-1024x1024.png 1024w, https:\/\/merka-journal.com\/wp-content\/uploads\/2025\/09\/box-ELLE-pensee-comme-un-kit-de-premiers-secours-pour-rentree-39-150x150.png 150w, https:\/\/merka-journal.com\/wp-content\/uploads\/2025\/09\/box-ELLE-pensee-comme-un-kit-de-premiers-secours-pour-rentree-39-768x768.png 768w, https:\/\/merka-journal.com\/wp-content\/uploads\/2025\/09\/box-ELLE-pensee-comme-un-kit-de-premiers-secours-pour-rentree-39-650x650.png 650w\" sizes=\"(max-width: 1200px) 100vw, 1200px\" \/>\t\t<\/a>\n\t<\/div>\n<\/div>\n\t\t<div class=\"qodef-e-content\">\n\t\t\t<div class=\"qodef-e-top-holder\">\n\t\t\t\t<div class=\"qodef-e-info\">\n\t\t\t\t\t<a itemprop=\"dateCreated\" href=\"https:\/\/merka-journal.com\/index.php\/2025\/09\/\" class=\"entry-date \">\n\t20\/09\/2025<\/a><div class=\"qodef-info-separator-end\"><\/div>\n<a href=\"https:\/\/merka-journal.com\/index.php\/category\/food\/\" rel=\"tag\">Food<\/a><div class=\"qodef-info-separator-end\"><\/div>\t\t\t\t<\/div>\n\t\t\t<\/div>\n\t\t\t<div class=\"qodef-e-text\">\n\t\t\t\t<h5 itemprop=\"name\" class=\"qodef-e-title entry-title\" style=\"text-transform: none\">\n\t<a itemprop=\"url\" class=\"qodef-e-title-link\" href=\"https:\/\/merka-journal.com\/index.php\/2025\/09\/20\/le-bon-bock-la-legende-gourmande-de-la-butte\/\">\n        Le <span class=\"qodef-m-italic\"><span class=\"qodef-m-regular-style\">Bon<\/span><span class=\"qodef-m-italic-style\" style=\"text-transform: lowercase\">Bon<\/span><\/span> Bock, la l\u00e9gende gourmande de la Butte\t<\/a>\n<\/h5>\n\t\t\t<\/div>\n\t\t<\/div>\n\t<\/div>\n<\/article>\n\t<\/div>\n\t<\/div>\n\t\t\t\t<\/div>\n\t\t\t\t<\/div>\n\t\t\t\t\t<\/div>\n\t\t<\/div>\n\t\t\t\t\t<\/div>\n\t\t<\/section>\n\t\t\t\t<\/div>\n\t\t","protected":false},"excerpt":{"rendered":"<p>Boire et manger DansDans BOIRE &amp; MANGER \u00c0 PARIS, Merka invite \u00e0 savourer la ville autrement.autrement. Caf\u00e9s,Caf\u00e9s, bars, restaurants etet banquets deviennent des sc\u00e8nes vivantes o\u00f9 se racontent le go\u00fbt, la convivialit\u00e9 et l\u2019\u00e9l\u00e9gance parisienne. 19\/09\/2025 Food Mokonuts (11e),(11e), Moko Hirayama et Omar Koreitem livrent leurs secrets sur papier 19\/09\/2025 Food Temple &#038;&#038; Chapon : [&hellip;]<\/p>\n","protected":false},"author":1,"featured_media":0,"parent":0,"menu_order":0,"comment_status":"closed","ping_status":"closed","template":"","meta":{"footnotes":""},"class_list":["post-7234","page","type-page","status-publish","hentry"],"_links":{"self":[{"href":"https:\/\/merka-journal.com\/index.php\/wp-json\/wp\/v2\/pages\/7234","targetHints":{"allow":["GET"]}}],"collection":[{"href":"https:\/\/merka-journal.com\/index.php\/wp-json\/wp\/v2\/pages"}],"about":[{"href":"https:\/\/merka-journal.com\/index.php\/wp-json\/wp\/v2\/types\/page"}],"author":[{"embeddable":true,"href":"https:\/\/merka-journal.com\/index.php\/wp-json\/wp\/v2\/users\/1"}],"replies":[{"embeddable":true,"href":"https:\/\/merka-journal.com\/index.php\/wp-json\/wp\/v2\/comments?post=7234"}],"version-history":[{"count":14,"href":"https:\/\/merka-journal.com\/index.php\/wp-json\/wp\/v2\/pages\/7234\/revisions"}],"predecessor-version":[{"id":10175,"href":"https:\/\/merka-journal.com\/index.php\/wp-json\/wp\/v2\/pages\/7234\/revisions\/10175"}],"wp:attachment":[{"href":"https:\/\/merka-journal.com\/index.php\/wp-json\/wp\/v2\/media?parent=7234"}],"curies":[{"name":"wp","href":"https:\/\/api.w.org\/{rel}","templated":true}]}}