{"id":7254,"date":"2025-07-19T08:06:22","date_gmt":"2025-07-19T08:06:22","guid":{"rendered":"http:\/\/merka-journal.com\/?page_id=7254"},"modified":"2025-11-28T14:56:39","modified_gmt":"2025-11-28T12:56:39","slug":"objets","status":"publish","type":"page","link":"https:\/\/merka-journal.com\/index.php\/objets\/","title":{"rendered":"Objets"},"content":{"rendered":"\t\t<div data-elementor-type=\"wp-page\" data-elementor-id=\"7254\" class=\"elementor elementor-7254\">\n\t\t\t\t\t\t<section class=\"elementor-section elementor-top-section elementor-element elementor-element-8d45cd4 elementor-section-full_width elementor-section-height-default elementor-section-height-default qodef-elementor-content-no\" data-id=\"8d45cd4\" data-element_type=\"section\">\n\t\t\t\t\t\t<div class=\"elementor-container elementor-column-gap-default\">\n\t\t\t\t\t<div class=\"elementor-column elementor-col-100 elementor-top-column elementor-element elementor-element-07d4a4e\" data-id=\"07d4a4e\" data-element_type=\"column\">\n\t\t\t<div class=\"elementor-widget-wrap elementor-element-populated\">\n\t\t\t\t\t\t<div class=\"elementor-element elementor-element-2d36394 elementor-widget elementor-widget-gavino_core_custom_font\" data-id=\"2d36394\" data-element_type=\"widget\" data-widget_type=\"gavino_core_custom_font.default\">\n\t\t\t\t<div class=\"elementor-widget-container\">\n\t\t\t\t\t<div class=\"qodef-shortcode qodef-m qodef-custom-font qodef-alignment--center\">\n            <span class=\"qodef-e-lable\" >Objets<\/span>\n        <h3 class=\"qodef-e-title qodef-custom-font-112 qodef-layout--simple qodef-increase-italic-words--enabled\" style=\"font-style: normal;text-transform: initial\"><span class=\"qodef-m-italic\"><span class=\"qodef-m-regular-style\">Talismans<\/span><span class=\"qodef-m-italic-style\">Talismans<\/span><\/span> modernes, f\u00e9tiches du quotidien, pi\u00e8ces qui changent la lumi\u00e8re.<\/h3>\n<\/div>\n\t\t\t\t<\/div>\n\t\t\t\t<\/div>\n\t\t\t\t\t<\/div>\n\t\t<\/div>\n\t\t\t\t\t<\/div>\n\t\t<\/section>\n\t\t\t\t<section class=\"elementor-section elementor-top-section elementor-element elementor-element-f0af9d0 elementor-section-full_width elementor-section-height-default elementor-section-height-default qodef-elementor-content-no\" data-id=\"f0af9d0\" data-element_type=\"section\">\n\t\t\t\t\t\t<div class=\"elementor-container elementor-column-gap-default\">\n\t\t\t\t\t<div class=\"elementor-column elementor-col-100 elementor-top-column elementor-element elementor-element-521c77f\" data-id=\"521c77f\" data-element_type=\"column\">\n\t\t\t<div class=\"elementor-widget-wrap elementor-element-populated\">\n\t\t\t\t\t\t<div class=\"elementor-element elementor-element-4ba5f9d elementor-widget elementor-widget-gavino_core_blog_list\" data-id=\"4ba5f9d\" data-element_type=\"widget\" data-widget_type=\"gavino_core_blog_list.default\">\n\t\t\t\t<div class=\"elementor-widget-container\">\n\t\t\t\t\t<div class=\"qodef-shortcode qodef-m qodef-blog qodef--disable-margin-bottom qodef-item-layout--classic qodef-hover--zoom qodef-top-info-centered--yes qodef-order-by-filter--no qodef-grid qodef-layout--columns qodef-gutter--discreet qodef-col-num--4 qodef-item-layout--classic qodef-pagination--on qodef-pagination-type--load-more qodef-responsive--custom qodef-col-num--1440--3 qodef-col-num--1366--3 qodef-col-num--1024--3 qodef-col-num--768--1 qodef-col-num--680--1 qodef-col-num--480--1 qodef-swiper-pagination--on\" data-options=\"{&quot;plugin&quot;:&quot;gavino_core&quot;,&quot;module&quot;:&quot;blog\\\/shortcodes&quot;,&quot;shortcode&quot;:&quot;blog-list&quot;,&quot;post_type&quot;:&quot;post&quot;,&quot;next_page&quot;:&quot;2&quot;,&quot;max_pages_num&quot;:1,&quot;enable_top_info&quot;:&quot;no&quot;,&quot;top_info_title&quot;:&quot;As Featured In&quot;,&quot;top_info_more_text&quot;:&quot;All Stories&quot;,&quot;top_info_more_target&quot;:&quot;_self&quot;,&quot;top_info_centered&quot;:&quot;yes&quot;,&quot;behavior&quot;:&quot;columns&quot;,&quot;images_proportion&quot;:&quot;full&quot;,&quot;columns&quot;:&quot;4&quot;,&quot;columns_responsive&quot;:&quot;custom&quot;,&quot;columns_1440&quot;:&quot;3&quot;,&quot;columns_1366&quot;:&quot;3&quot;,&quot;columns_1024&quot;:&quot;3&quot;,&quot;columns_768&quot;:&quot;1&quot;,&quot;columns_680&quot;:&quot;1&quot;,&quot;columns_480&quot;:&quot;1&quot;,&quot;space&quot;:&quot;discreet&quot;,&quot;posts_per_page&quot;:&quot;40&quot;,&quot;orderby&quot;:&quot;date&quot;,&quot;order&quot;:&quot;ASC&quot;,&quot;additional_params&quot;:&quot;tax&quot;,&quot;tax&quot;:&quot;category&quot;,&quot;tax_slug&quot;:&quot;objets&quot;,&quot;layout&quot;:&quot;classic&quot;,&quot;title_tag&quot;:&quot;h5&quot;,&quot;text_transform&quot;:&quot;none&quot;,&quot;hover_type&quot;:&quot;zoom&quot;,&quot;disable_bottom_info&quot;:&quot;yes&quot;,&quot;show_bottom_info_share&quot;:&quot;no&quot;,&quot;hide_read_more&quot;:&quot;no&quot;,&quot;hide_date&quot;:&quot;no&quot;,&quot;hide_excerpt&quot;:&quot;yes&quot;,&quot;hide_author&quot;:&quot;no&quot;,&quot;info_bottom&quot;:&quot;no&quot;,&quot;disable_content_margin_bottom_on_smaller_screens&quot;:&quot;yes&quot;,&quot;navigation_with_text&quot;:&quot;no&quot;,&quot;pagination_type&quot;:&quot;load-more&quot;,&quot;blog_list_enable_filter_order_by&quot;:&quot;no&quot;,&quot;object_class_name&quot;:&quot;GavinoCore_Blog_List_Shortcode&quot;,&quot;taxonomy_filter&quot;:&quot;category&quot;,&quot;additional_query_args&quot;:{&quot;tax_query&quot;:[{&quot;taxonomy&quot;:&quot;category&quot;,&quot;field&quot;:&quot;slug&quot;,&quot;terms&quot;:&quot;objets&quot;}]},&quot;top_info_styles&quot;:[],&quot;slider_line_styles&quot;:[],&quot;slider_navigation_styles&quot;:[],&quot;space_value&quot;:2.5}\">\n\n    <div class=\"qodef-filters-holder\">\n            <\/div>\n    \t<div class=\"qodef-grid-inner clear\">\n\t\t<article class=\"qodef-e qodef-blog-item qodef-grid-item qodef-item--full post-10562 post type-post status-publish format-standard has-post-thumbnail hentry category-objets\">\n\t<div class=\"qodef-e-inner\" >\n\t\t<div class=\"qodef-e-media\">\n    \t<div class=\"qodef-e-media-image\">\n\t\t<a itemprop=\"url\" href=\"https:\/\/merka-journal.com\/index.php\/2025\/11\/28\/tarot-tale-divination-haute-couture\/\">\n\t\t\t<img fetchpriority=\"high\" decoding=\"async\" width=\"1350\" height=\"1688\" src=\"https:\/\/merka-journal.com\/wp-content\/uploads\/2025\/11\/050830_CA128_C0099_D_FW2024.jpg\" class=\"attachment-full size-full\" alt=\"\" srcset=\"https:\/\/merka-journal.com\/wp-content\/uploads\/2025\/11\/050830_CA128_C0099_D_FW2024.jpg 1350w, https:\/\/merka-journal.com\/wp-content\/uploads\/2025\/11\/050830_CA128_C0099_D_FW2024-240x300.jpg 240w, https:\/\/merka-journal.com\/wp-content\/uploads\/2025\/11\/050830_CA128_C0099_D_FW2024-819x1024.jpg 819w, https:\/\/merka-journal.com\/wp-content\/uploads\/2025\/11\/050830_CA128_C0099_D_FW2024-768x960.jpg 768w, https:\/\/merka-journal.com\/wp-content\/uploads\/2025\/11\/050830_CA128_C0099_D_FW2024-1228x1536.jpg 1228w\" sizes=\"(max-width: 1350px) 100vw, 1350px\" \/>\t\t<\/a>\n\t<\/div>\n<\/div>\n\t\t<div class=\"qodef-e-content\">\n\t\t\t<div class=\"qodef-e-top-holder\">\n\t\t\t\t<div class=\"qodef-e-info\">\n\t\t\t\t\t<a itemprop=\"dateCreated\" href=\"https:\/\/merka-journal.com\/index.php\/2025\/11\/\" class=\"entry-date \">\n\t28\/11\/2025<\/a><div class=\"qodef-info-separator-end\"><\/div>\n<a href=\"https:\/\/merka-journal.com\/index.php\/category\/objets\/\" rel=\"tag\">Objets<\/a><div class=\"qodef-info-separator-end\"><\/div>\t\t\t\t<\/div>\n\t\t\t<\/div>\n\t\t\t<div class=\"qodef-e-text\">\n\t\t\t\t<h5 itemprop=\"name\" class=\"qodef-e-title entry-title\" style=\"text-transform: none\">\n\t<a itemprop=\"url\" class=\"qodef-e-title-link\" href=\"https:\/\/merka-journal.com\/index.php\/2025\/11\/28\/tarot-tale-divination-haute-couture\/\">\n        Tarot <span class=\"qodef-m-italic\"><span class=\"qodef-m-regular-style\">Tale<\/span><span class=\"qodef-m-italic-style\" style=\"text-transform: lowercase\">Tale<\/span><\/span> : la divination haute couture\t<\/a>\n<\/h5>\n\t\t\t<\/div>\n\t\t<\/div>\n\t<\/div>\n<\/article>\n<article class=\"qodef-e qodef-blog-item qodef-grid-item qodef-item--full post-10590 post type-post status-publish format-standard has-post-thumbnail hentry category-objets\">\n\t<div class=\"qodef-e-inner\" >\n\t\t<div class=\"qodef-e-media\">\n    \t<div class=\"qodef-e-media-image\">\n\t\t<a itemprop=\"url\" href=\"https:\/\/merka-journal.com\/index.php\/2025\/11\/28\/la-lampe-aux-lumieres-des-baleares-los-objetos-decorativos\/\">\n\t\t\t<img decoding=\"async\" width=\"1439\" height=\"1777\" src=\"https:\/\/merka-journal.com\/wp-content\/uploads\/2025\/11\/studioashby_1749461309_3651068361572699514_22922185.jpg\" class=\"attachment-full size-full\" alt=\"\" srcset=\"https:\/\/merka-journal.com\/wp-content\/uploads\/2025\/11\/studioashby_1749461309_3651068361572699514_22922185.jpg 1439w, https:\/\/merka-journal.com\/wp-content\/uploads\/2025\/11\/studioashby_1749461309_3651068361572699514_22922185-243x300.jpg 243w, https:\/\/merka-journal.com\/wp-content\/uploads\/2025\/11\/studioashby_1749461309_3651068361572699514_22922185-829x1024.jpg 829w, https:\/\/merka-journal.com\/wp-content\/uploads\/2025\/11\/studioashby_1749461309_3651068361572699514_22922185-768x948.jpg 768w, https:\/\/merka-journal.com\/wp-content\/uploads\/2025\/11\/studioashby_1749461309_3651068361572699514_22922185-1244x1536.jpg 1244w\" sizes=\"(max-width: 1439px) 100vw, 1439px\" \/>\t\t<\/a>\n\t<\/div>\n<\/div>\n\t\t<div class=\"qodef-e-content\">\n\t\t\t<div class=\"qodef-e-top-holder\">\n\t\t\t\t<div class=\"qodef-e-info\">\n\t\t\t\t\t<a itemprop=\"dateCreated\" href=\"https:\/\/merka-journal.com\/index.php\/2025\/11\/\" class=\"entry-date \">\n\t28\/11\/2025<\/a><div class=\"qodef-info-separator-end\"><\/div>\n<a href=\"https:\/\/merka-journal.com\/index.php\/category\/objets\/\" rel=\"tag\">Objets<\/a><div class=\"qodef-info-separator-end\"><\/div>\t\t\t\t<\/div>\n\t\t\t<\/div>\n\t\t\t<div class=\"qodef-e-text\">\n\t\t\t\t<h5 itemprop=\"name\" class=\"qodef-e-title entry-title\" style=\"text-transform: none\">\n\t<a itemprop=\"url\" class=\"qodef-e-title-link\" href=\"https:\/\/merka-journal.com\/index.php\/2025\/11\/28\/la-lampe-aux-lumieres-des-baleares-los-objetos-decorativos\/\">\n        La <span class=\"qodef-m-italic\"><span class=\"qodef-m-regular-style\">lampe<\/span><span class=\"qodef-m-italic-style\" style=\"text-transform: lowercase\">lampe<\/span><\/span> aux lumi\u00e8res des Bal\u00e9ares Los Objetos Decorativos\t<\/a>\n<\/h5>\n\t\t\t<\/div>\n\t\t<\/div>\n\t<\/div>\n<\/article>\n<article class=\"qodef-e qodef-blog-item qodef-grid-item qodef-item--full post-10600 post type-post status-publish format-standard has-post-thumbnail hentry category-objets\">\n\t<div class=\"qodef-e-inner\" >\n\t\t<div class=\"qodef-e-media\">\n    \t<div class=\"qodef-e-media-image\">\n\t\t<a itemprop=\"url\" href=\"https:\/\/merka-journal.com\/index.php\/2025\/11\/28\/the-ekphrasis-collection\/\">\n\t\t\t<img decoding=\"async\" width=\"593\" height=\"823\" src=\"https:\/\/merka-journal.com\/wp-content\/uploads\/2025\/11\/Capture-decran-2025-11-28-a-13.36.58.png\" class=\"attachment-full size-full\" alt=\"\" srcset=\"https:\/\/merka-journal.com\/wp-content\/uploads\/2025\/11\/Capture-decran-2025-11-28-a-13.36.58.png 593w, https:\/\/merka-journal.com\/wp-content\/uploads\/2025\/11\/Capture-decran-2025-11-28-a-13.36.58-216x300.png 216w\" sizes=\"(max-width: 593px) 100vw, 593px\" \/>\t\t<\/a>\n\t<\/div>\n<\/div>\n\t\t<div class=\"qodef-e-content\">\n\t\t\t<div class=\"qodef-e-top-holder\">\n\t\t\t\t<div class=\"qodef-e-info\">\n\t\t\t\t\t<a itemprop=\"dateCreated\" href=\"https:\/\/merka-journal.com\/index.php\/2025\/11\/\" class=\"entry-date \">\n\t28\/11\/2025<\/a><div class=\"qodef-info-separator-end\"><\/div>\n<a href=\"https:\/\/merka-journal.com\/index.php\/category\/objets\/\" rel=\"tag\">Objets<\/a><div class=\"qodef-info-separator-end\"><\/div>\t\t\t\t<\/div>\n\t\t\t<\/div>\n\t\t\t<div class=\"qodef-e-text\">\n\t\t\t\t<h5 itemprop=\"name\" class=\"qodef-e-title entry-title\" style=\"text-transform: none\">\n\t<a itemprop=\"url\" class=\"qodef-e-title-link\" href=\"https:\/\/merka-journal.com\/index.php\/2025\/11\/28\/the-ekphrasis-collection\/\">\n        The <span class=\"qodef-m-italic\"><span class=\"qodef-m-regular-style\">Ekphrasis<\/span><span class=\"qodef-m-italic-style\" style=\"text-transform: lowercase\">Ekphrasis<\/span><\/span> Collection 2025 : \u00e9crire ce que l\u2019art fait au corps\t<\/a>\n<\/h5>\n\t\t\t<\/div>\n\t\t<\/div>\n\t<\/div>\n<\/article>\n<article class=\"qodef-e qodef-blog-item qodef-grid-item qodef-item--full post-10627 post type-post status-publish format-standard has-post-thumbnail hentry category-objets\">\n\t<div class=\"qodef-e-inner\" >\n\t\t<div class=\"qodef-e-media\">\n    \t<div class=\"qodef-e-media-image\">\n\t\t<a itemprop=\"url\" href=\"https:\/\/merka-journal.com\/index.php\/2025\/11\/28\/elan-par-jintensha\/\">\n\t\t\t<img loading=\"lazy\" decoding=\"async\" width=\"699\" height=\"758\" src=\"https:\/\/merka-journal.com\/wp-content\/uploads\/2025\/11\/Capture-decran-2025-11-28-a-13.42.13.png\" class=\"attachment-full size-full\" alt=\"\" srcset=\"https:\/\/merka-journal.com\/wp-content\/uploads\/2025\/11\/Capture-decran-2025-11-28-a-13.42.13.png 699w, https:\/\/merka-journal.com\/wp-content\/uploads\/2025\/11\/Capture-decran-2025-11-28-a-13.42.13-277x300.png 277w\" sizes=\"(max-width: 699px) 100vw, 699px\" \/>\t\t<\/a>\n\t<\/div>\n<\/div>\n\t\t<div class=\"qodef-e-content\">\n\t\t\t<div class=\"qodef-e-top-holder\">\n\t\t\t\t<div class=\"qodef-e-info\">\n\t\t\t\t\t<a itemprop=\"dateCreated\" href=\"https:\/\/merka-journal.com\/index.php\/2025\/11\/\" class=\"entry-date \">\n\t28\/11\/2025<\/a><div class=\"qodef-info-separator-end\"><\/div>\n<a href=\"https:\/\/merka-journal.com\/index.php\/category\/objets\/\" rel=\"tag\">Objets<\/a><div class=\"qodef-info-separator-end\"><\/div>\t\t\t\t<\/div>\n\t\t\t<\/div>\n\t\t\t<div class=\"qodef-e-text\">\n\t\t\t\t<h5 itemprop=\"name\" class=\"qodef-e-title entry-title\" style=\"text-transform: none\">\n\t<a itemprop=\"url\" class=\"qodef-e-title-link\" href=\"https:\/\/merka-journal.com\/index.php\/2025\/11\/28\/elan-par-jintensha\/\">\n        L&rsquo;\u00e9lan <span class=\"qodef-m-italic\"><span class=\"qodef-m-regular-style\">par<\/span><span class=\"qodef-m-italic-style\" style=\"text-transform: lowercase\">par<\/span><\/span> Jitensha\t<\/a>\n<\/h5>\n\t\t\t<\/div>\n\t\t<\/div>\n\t<\/div>\n<\/article>\n\t<\/div>\n\t<\/div>\n\t\t\t\t<\/div>\n\t\t\t\t<\/div>\n\t\t\t\t\t<\/div>\n\t\t<\/div>\n\t\t\t\t\t<\/div>\n\t\t<\/section>\n\t\t\t\t<\/div>\n\t\t","protected":false},"excerpt":{"rendered":"<p>Objets TalismansTalismans modernes, f\u00e9tiches du quotidien, pi\u00e8ces qui changent la lumi\u00e8re. 28\/11\/2025 Objets Tarot TaleTale : la divination haute couture 28\/11\/2025 Objets La lampelampe aux lumi\u00e8res des Bal\u00e9ares Los Objetos Decorativos 28\/11\/2025 Objets The EkphrasisEkphrasis Collection 2025 : \u00e9crire ce que l\u2019art fait au corps 28\/11\/2025 Objets L&rsquo;\u00e9lan parpar Jitensha<\/p>\n","protected":false},"author":1,"featured_media":0,"parent":0,"menu_order":0,"comment_status":"closed","ping_status":"closed","template":"","meta":{"footnotes":""},"class_list":["post-7254","page","type-page","status-publish","hentry"],"_links":{"self":[{"href":"https:\/\/merka-journal.com\/index.php\/wp-json\/wp\/v2\/pages\/7254","targetHints":{"allow":["GET"]}}],"collection":[{"href":"https:\/\/merka-journal.com\/index.php\/wp-json\/wp\/v2\/pages"}],"about":[{"href":"https:\/\/merka-journal.com\/index.php\/wp-json\/wp\/v2\/types\/page"}],"author":[{"embeddable":true,"href":"https:\/\/merka-journal.com\/index.php\/wp-json\/wp\/v2\/users\/1"}],"replies":[{"embeddable":true,"href":"https:\/\/merka-journal.com\/index.php\/wp-json\/wp\/v2\/comments?post=7254"}],"version-history":[{"count":36,"href":"https:\/\/merka-journal.com\/index.php\/wp-json\/wp\/v2\/pages\/7254\/revisions"}],"predecessor-version":[{"id":10635,"href":"https:\/\/merka-journal.com\/index.php\/wp-json\/wp\/v2\/pages\/7254\/revisions\/10635"}],"wp:attachment":[{"href":"https:\/\/merka-journal.com\/index.php\/wp-json\/wp\/v2\/media?parent=7254"}],"curies":[{"name":"wp","href":"https:\/\/api.w.org\/{rel}","templated":true}]}}